{"id":9,"date":"2026-04-05T09:19:26","date_gmt":"2026-04-05T08:19:26","guid":{"rendered":"https:\/\/www.marrakechtransferts.com\/consigne-bagages\/"},"modified":"2026-04-05T12:03:32","modified_gmt":"2026-04-05T11:03:32","slug":"consigne-bagages","status":"publish","type":"page","link":"https:\/\/www.marrakechtransferts.com\/en\/consigne-bagages\/","title":{"rendered":"Luggage storage"},"content":{"rendered":"<p><!-- PAGE HERO --><\/p>\n<section class=\"page-hero\">\n<div class=\"page-hero__bg\">\n    <img decoding=\"async\" src=\"https:\/\/images.unsplash.com\/photo-1563013544-824ae1b704d3?auto=format&amp;fit=crop&amp;w=1600&amp;q=85\" alt=\"Consigne bagages Marrakech\" loading=\"eager\" fetchpriority=\"high\">\n  <\/div>\n<div class=\"page-hero__ov\"><\/div>\n<p>  <span class=\"lbl\" style=\"color:var(--or);opacity:.9\">Service pratique \u00b7 Marrakech<\/span><\/p>\n<h1>Consigne de bagages<\/h1>\n<p>D\u00e9posez vos bagages en s\u00e9curit\u00e9 et profitez pleinement de votre derni\u00e8re journ\u00e9e \u00e0 Marrakech.<\/p>\n<p>  <a href=\"https:\/\/wa.me\/212641419881?text=Bonjour%2C%20je%20souhaite%20utiliser%20la%20consigne%20%C3%A0%20bagages.\" class=\"btn btn--wa\" target=\"_blank\" rel=\"noopener\"><br \/>\n    <svg viewBox=\"0 0 24 24\" width=\"16\" height=\"16\" fill=\"currentColor\"><path d=\"M17.472 14.382c-.297-.149-1.758-.867-2.03-.967-.273-.099-.471-.148-.67.15-.197.297-.767.966-.94 1.164-.173.199-.347.223-.644.075-.297-.15-1.255-.463-2.39-1.475-.883-.788-1.48-1.761-1.653-2.059-.173-.297-.018-.458.13-.606.134-.133.298-.347.446-.52.149-.174.198-.298.298-.497.099-.198.05-.371-.025-.52-.075-.149-.669-1.612-.916-2.207-.242-.579-.487-.5-.669-.51-.173-.008-.371-.01-.57-.01-.198 0-.52.074-.792.372-.272.297-1.04 1.016-1.04 2.479 0 1.462 1.065 2.875 1.213 3.074.149.198 2.096 3.2 5.077 4.487.709.306 1.262.489 1.694.625.712.227 1.36.195 1.871.118.571-.085 1.758-.719 2.006-1.413.248-.694.248-1.289.173-1.413-.074-.124-.272-.198-.57-.347m-5.421 7.403h-.004a9.87 9.87 0 01-5.031-1.378l-.361-.214-3.741.982.998-3.648-.235-.374a9.86 9.86 0 01-1.51-5.26c.001-5.45 4.436-9.884 9.888-9.884 2.64 0 5.122 1.03 6.988 2.898a9.825 9.825 0 012.893 6.994c-.003 5.45-4.437 9.884-9.885 9.884m8.413-18.297A11.815 11.815 0 0012.05 0C5.495 0 .16 5.335.157 11.892c0 2.096.547 4.142 1.588 5.945L.057 24l6.305-1.654a11.882 11.882 0 005.683 1.448h.005c6.554 0 11.89-5.335 11.893-11.893a11.821 11.821 0 00-3.48-8.413Z\" \/><\/svg><br \/>\n    R\u00e9server la consigne<br \/>\n  <\/a><br \/>\n<\/section>\n<p><!-- POURQUOI --><\/p>\n<section class=\"sec sec--creme\">\n<div class=\"sin\" style=\"max-width:780px\">\n    <span class=\"lbl\">Le probl\u00e8me que nous r\u00e9solvons<\/span><\/p>\n<div class=\"divider\"><\/div>\n<h2>Profitez de votre derni\u00e8re journ\u00e9e, mains libres<\/h2>\n<p style=\"color:var(--tm)\">Vous avez rendu votre chambre le matin mais votre vol n&rsquo;est que le soir ? Vous arrivez t\u00f4t et votre riad n&rsquo;est pas encore disponible ? Notre service de consigne vous permet de d\u00e9poser vos bagages en toute s\u00e9curit\u00e9 et de profiter de Marrakech les mains libres.<\/p>\n<\/p><\/div>\n<\/section>\n<p><!-- FONCTIONNEMENT --><\/p>\n<section class=\"sec\">\n<div class=\"sin\" style=\"max-width:720px\">\n<div class=\"sh fade-in\">\n      <span class=\"lbl\">Comment \u00e7a fonctionne<\/span><\/p>\n<div class=\"divider divider--c\"><\/div>\n<h2>Simple en 4 \u00e9tapes<\/h2>\n<\/p><\/div>\n<div class=\"steps fade-in\">\n<div class=\"step\">\n<div class=\"step__num\">1<\/div>\n<div class=\"step__body\">\n<h4>R\u00e9servez \u00e0 l&rsquo;avance<\/h4>\n<p>Contactez-nous sur WhatsApp ou par formulaire avec votre date, vos horaires et le nombre de bagages.<\/p>\n<\/p><\/div>\n<\/p><\/div>\n<div class=\"step\">\n<div class=\"step__num\">2<\/div>\n<div class=\"step__body\">\n<h4>D\u00e9posez vos bagages<\/h4>\n<p>Amenez vos bagages \u00e0 notre point de d\u00e9p\u00f4t au jour et \u00e0 l&rsquo;heure convenus. Chaque bagage est r\u00e9pertori\u00e9 et \u00e9tiquet\u00e9.<\/p>\n<\/p><\/div>\n<\/p><\/div>\n<div class=\"step\">\n<div class=\"step__num\">3<\/div>\n<div class=\"step__body\">\n<h4>Profitez de votre journ\u00e9e<\/h4>\n<p>Explorez les souks, d\u00e9jeunez en terrasse, visitez le Jardin Majorelle \u2014 sans tra\u00eener vos valises.<\/p>\n<\/p><\/div>\n<\/p><\/div>\n<div class=\"step\">\n<div class=\"step__num\">4<\/div>\n<div class=\"step__body\">\n<h4>R\u00e9cup\u00e9rez vos bagages<\/h4>\n<p>Revenez avant l&rsquo;heure de fermeture convenue pour r\u00e9cup\u00e9rer vos affaires avant votre d\u00e9part.<\/p>\n<\/p><\/div>\n<\/p><\/div>\n<\/p><\/div>\n<\/p><\/div>\n<\/section>\n<p><!-- INFOS PRATIQUES --><\/p>\n<section class=\"sec sec--creme\">\n<div class=\"sin\">\n<div class=\"sh fade-in\">\n      <span class=\"lbl\">Informations<\/span><\/p>\n<div class=\"divider divider--c\"><\/div>\n<h2>Informations pratiques<\/h2>\n<\/p><\/div>\n<div style=\"grid-template-columns:repeat(auto-fit,minmax(260px,1fr));gap:1.25rem\">\n<div class=\"card fade-in\">\n<div class=\"card__icon\">\n<div class=\"icon-box\">\n            <svg viewBox=\"0 0 24 24\"><circle cx=\"12\" cy=\"12\" r=\"10\" \/><path d=\"M12 6v6l4 2\" \/><\/svg>\n          <\/div>\n<\/p><\/div>\n<h3 class=\"card__title\">Horaires<\/h3>\n<p class=\"card__text\">[HORAIRES \u00c0 COMPL\u00c9TER \u2014 ex : 7h00 \u2013 21h00, 7j\/7]<\/p>\n<\/p><\/div>\n<div class=\"card fade-in\">\n<div class=\"card__icon\">\n<div class=\"icon-box\">\n            <svg viewBox=\"0 0 24 24\"><rect x=\"3\" y=\"11\" width=\"18\" height=\"11\" rx=\"2\" \/><path d=\"M7 11V7a5 5 0 0110 0v4\" \/><\/svg>\n          <\/div>\n<\/p><\/div>\n<h3 class=\"card__title\">S\u00e9curit\u00e9<\/h3>\n<p class=\"card__text\">Espace s\u00e9curis\u00e9, acc\u00e8s contr\u00f4l\u00e9. Chaque bagage est \u00e9tiquet\u00e9 et inventori\u00e9 \u00e0 la prise en charge.<\/p>\n<\/p><\/div>\n<div class=\"card fade-in\">\n<div class=\"card__icon\">\n<div class=\"icon-box\">\n            <svg viewBox=\"0 0 24 24\"><path d=\"M21 10c0 7-9 13-9 13s-9-6-9-13a9 9 0 0118 0z\" \/><circle cx=\"12\" cy=\"10\" r=\"3\" \/><\/svg>\n          <\/div>\n<\/p><\/div>\n<h3 class=\"card__title\">Point de d\u00e9p\u00f4t<\/h3>\n<p class=\"card__text\">[ADRESSE DU POINT DE D\u00c9P\u00d4T \u2014 \u00c0 COMPL\u00c9TER]. Accessible en voiture et \u00e0 pied depuis la m\u00e9dina.<\/p>\n<\/p><\/div>\n<\/p><\/div>\n<\/p><\/div>\n<\/section>\n<p><!-- FORMATS &amp; TARIFS --><\/p>\n<section class=\"sec\">\n<div class=\"sin\">\n<div class=\"sh fade-in\">\n      <span class=\"lbl\">Tarification<\/span><\/p>\n<div class=\"divider divider--c\"><\/div>\n<h2>Formats accept\u00e9s &amp; tarifs<\/h2>\n<p>Tarifs indicatifs \u00e0 la journ\u00e9e. Forfaits disponibles sur demande.<\/p>\n<\/p><\/div>\n<div style=\"grid-template-columns:repeat(auto-fit,minmax(220px,1fr));gap:1.25rem\">\n<div class=\"card fade-in\" style=\"text-align:center\">\n<div class=\"card__icon\" style=\"justify-content:center\">\n<div class=\"icon-box\">\n            <svg viewBox=\"0 0 24 24\"><rect x=\"2\" y=\"7\" width=\"20\" height=\"15\" rx=\"2\" \/><path d=\"M16 7V5a4 4 0 00-8 0v2\" \/><\/svg>\n          <\/div>\n<\/p><\/div>\n<h3 class=\"card__title\">Valise cabine<\/h3>\n<p class=\"card__text\" style=\"font-size:.85rem\">Jusqu&rsquo;\u00e0 55\u00d740\u00d723 cm<\/p>\n<p style=\"color:var(--or);font-weight:600;margin-top:.5rem\">\u00c0 partir de [PRIX] MAD \/ jour<\/p>\n<\/p><\/div>\n<div class=\"card fade-in\" style=\"text-align:center\">\n<div class=\"card__icon\" style=\"justify-content:center\">\n<div class=\"icon-box icon-box--dark\">\n            <svg viewBox=\"0 0 24 24\"><rect x=\"2\" y=\"7\" width=\"20\" height=\"15\" rx=\"2\" \/><path d=\"M16 7V5a4 4 0 00-8 0v2\" \/><line x1=\"8\" y1=\"14\" x2=\"16\" y2=\"14\" \/><\/svg>\n          <\/div>\n<\/p><\/div>\n<h3 class=\"card__title\">Grande valise<\/h3>\n<p class=\"card__text\" style=\"font-size:.85rem\">Au-del\u00e0 de 55 cm<\/p>\n<p style=\"color:var(--or);font-weight:600;margin-top:.5rem\">\u00c0 partir de [PRIX] MAD \/ jour<\/p>\n<\/p><\/div>\n<div class=\"card fade-in\" style=\"text-align:center\">\n<div class=\"card__icon\" style=\"justify-content:center\">\n<div class=\"icon-box\">\n            <svg viewBox=\"0 0 24 24\"><path d=\"M4 20h16M4 20V10l8-6 8 6v10M10 20v-6h4v6\" \/><\/svg>\n          <\/div>\n<\/p><\/div>\n<h3 class=\"card__title\">Sac \u00e0 dos \/ souple<\/h3>\n<p class=\"card__text\" style=\"font-size:.85rem\">Toutes tailles<\/p>\n<p style=\"color:var(--or);font-weight:600;margin-top:.5rem\">\u00c0 partir de [PRIX] MAD \/ jour<\/p>\n<\/p><\/div>\n<div class=\"card fade-in\" style=\"text-align:center\">\n<div class=\"card__icon\" style=\"justify-content:center\">\n<div class=\"icon-box\">\n            <svg viewBox=\"0 0 24 24\"><polyline points=\"21 8 21 21 3 21 3 8\" \/><rect x=\"1\" y=\"3\" width=\"22\" height=\"5\" \/><line x1=\"10\" y1=\"12\" x2=\"14\" y2=\"12\" \/><\/svg>\n          <\/div>\n<\/p><\/div>\n<h3 class=\"card__title\">Colis \/ encombrant<\/h3>\n<p class=\"card__text\" style=\"font-size:.85rem\">Sur demande<\/p>\n<p style=\"color:var(--or);font-weight:600;margin-top:.5rem\">Sur devis<\/p>\n<\/p><\/div>\n<\/p><\/div>\n<p style=\"text-align:center;font-size:.85rem;color:var(--tm);margin-top:1.25rem\">Objets de valeur, fragiles ou p\u00e9rissables non accept\u00e9s. Nous d\u00e9clinons toute responsabilit\u00e9 en cas de contenu non d\u00e9clar\u00e9.<\/p>\n<\/p><\/div>\n<\/section>\n<p><!-- COMBINAISON CONSIGNE + TRANSFERT --><\/p>\n<section class=\"sec sec--sombre\">\n<div class=\"sin\" style=\"max-width:700px;text-align:center\">\n    <span class=\"lbl\">Combinaison pratique<\/span><\/p>\n<div class=\"divider divider--c\"><\/div>\n<h2 style=\"color:var(--blanc)\">Combinez consigne + transfert a\u00e9roport<\/h2>\n<p>D\u00e9posez vos bagages le matin, profitez de votre journ\u00e9e, puis r\u00e9cup\u00e9rez-les \u00e0 l&rsquo;heure de votre transfert vers l&rsquo;a\u00e9roport. Tout est g\u00e9r\u00e9 par la m\u00eame \u00e9quipe.<\/p>\n<p>    <a href=\"https:\/\/wa.me\/212641419881?text=Bonjour%2C%20je%20souhaite%20combiner%20la%20consigne%20et%20un%20transfert%20a%C3%A9roport.\" class=\"btn btn--primary\" target=\"_blank\" rel=\"noopener\" style=\"margin-top:1.5rem\">Organiser les deux ensemble<\/a>\n  <\/div>\n<\/section>\n<p><!-- CTA --><\/p>\n<section class=\"cta-sec\">\n<div class=\"cta-sec__in\">\n<h2>R\u00e9servez votre consigne<\/h2>\n<p>Disponibilit\u00e9 limit\u00e9e. R\u00e9servez \u00e0 l&rsquo;avance pour garantir votre place.<\/p>\n<div class=\"btn-group\" style=\"justify-content:center\">\n      <a href=\"https:\/\/wa.me\/212641419881?text=Bonjour%2C%20je%20souhaite%20r%C3%A9server%20la%20consigne%20%C3%A0%20bagages.\" class=\"btn btn--wa\" target=\"_blank\" rel=\"noopener\"><br \/>\n        <svg viewBox=\"0 0 24 24\" width=\"16\" height=\"16\" fill=\"currentColor\"><path d=\"M17.472 14.382c-.297-.149-1.758-.867-2.03-.967-.273-.099-.471-.148-.67.15-.197.297-.767.966-.94 1.164-.173.199-.347.223-.644.075-.297-.15-1.255-.463-2.39-1.475-.883-.788-1.48-1.761-1.653-2.059-.173-.297-.018-.458.13-.606.134-.133.298-.347.446-.52.149-.174.198-.298.298-.497.099-.198.05-.371-.025-.52-.075-.149-.669-1.612-.916-2.207-.242-.579-.487-.5-.669-.51-.173-.008-.371-.01-.57-.01-.198 0-.52.074-.792.372-.272.297-1.04 1.016-1.04 2.479 0 1.462 1.065 2.875 1.213 3.074.149.198 2.096 3.2 5.077 4.487.709.306 1.262.489 1.694.625.712.227 1.36.195 1.871.118.571-.085 1.758-.719 2.006-1.413.248-.694.248-1.289.173-1.413-.074-.124-.272-.198-.57-.347m-5.421 7.403h-.004a9.87 9.87 0 01-5.031-1.378l-.361-.214-3.741.982.998-3.648-.235-.374a9.86 9.86 0 01-1.51-5.26c.001-5.45 4.436-9.884 9.888-9.884 2.64 0 5.122 1.03 6.988 2.898a9.825 9.825 0 012.893 6.994c-.003 5.45-4.437 9.884-9.885 9.884m8.413-18.297A11.815 11.815 0 0012.05 0C5.495 0 .16 5.335.157 11.892c0 2.096.547 4.142 1.588 5.945L.057 24l6.305-1.654a11.882 11.882 0 005.683 1.448h.005c6.554 0 11.89-5.335 11.893-11.893a11.821 11.821 0 00-3.48-8.413Z\" \/><\/svg><br \/>\n        WhatsApp \u2014 R\u00e9servation rapide<br \/>\n      <\/a><br \/>\n      <a href=\"\/contact\/\" class=\"btn btn--outline\">Formulaire de contact<\/a>\n    <\/div>\n<\/p><\/div>\n<\/section>\n","protected":false},"excerpt":{"rendered":"<p>Service pratique \u00b7 Marrakech Consigne de bagages D\u00e9posez vos bagages en s\u00e9curit\u00e9 et profitez pleinement de votre derni\u00e8re journ\u00e9e \u00e0 Marrakech. R\u00e9server la consigne Le probl\u00e8me que nous r\u00e9solvons Profitez de votre derni\u00e8re journ\u00e9e, mains libres Vous avez rendu votre chambre le matin mais votre vol n&rsquo;est que le soir ? Vous arrivez t\u00f4t et&#8230;<\/p>","protected":false},"author":1,"featured_media":0,"parent":0,"menu_order":0,"comment_status":"closed","ping_status":"closed","template":"","meta":{"_kad_post_transparent":"","_kad_post_title":"","_kad_post_layout":"","_kad_post_sidebar_id":"","_kad_post_content_style":"","_kad_post_vertical_padding":"","_kad_post_feature":"","_kad_post_feature_position":"","_kad_post_header":false,"_kad_post_footer":false,"_kad_post_classname":"","footnotes":""},"class_list":["post-9","page","type-page","status-publish","hentry"],"_links":{"self":[{"href":"https:\/\/www.marrakechtransferts.com\/en\/wp-json\/wp\/v2\/pages\/9","targetHints":{"allow":["GET"]}}],"collection":[{"href":"https:\/\/www.marrakechtransferts.com\/en\/wp-json\/wp\/v2\/pages"}],"about":[{"href":"https:\/\/www.marrakechtransferts.com\/en\/wp-json\/wp\/v2\/types\/page"}],"author":[{"embeddable":true,"href":"https:\/\/www.marrakechtransferts.com\/en\/wp-json\/wp\/v2\/users\/1"}],"replies":[{"embeddable":true,"href":"https:\/\/www.marrakechtransferts.com\/en\/wp-json\/wp\/v2\/comments?post=9"}],"version-history":[{"count":3,"href":"https:\/\/www.marrakechtransferts.com\/en\/wp-json\/wp\/v2\/pages\/9\/revisions"}],"predecessor-version":[{"id":60,"href":"https:\/\/www.marrakechtransferts.com\/en\/wp-json\/wp\/v2\/pages\/9\/revisions\/60"}],"wp:attachment":[{"href":"https:\/\/www.marrakechtransferts.com\/en\/wp-json\/wp\/v2\/media?parent=9"}],"curies":[{"name":"wp","href":"https:\/\/api.w.org\/{rel}","templated":true}]}}